{"id":330,"date":"2021-11-05T07:59:09","date_gmt":"2021-11-05T06:59:09","guid":{"rendered":"http:\/\/festivalcteni.knihovnafm.cz\/festivalcteni\/?page_id=330"},"modified":"2022-11-15T08:58:19","modified_gmt":"2022-11-15T07:58:19","slug":"vyzva-pro-deti-a-rodice","status":"publish","type":"page","link":"http:\/\/festivalcteni.knihovnafm.cz\/festivalcteni\/vyzva-pro-deti-a-rodice\/","title":{"rendered":"V\u00fdzva pro d\u011bti a rodi\u010de"},"content":{"rendered":"\n<h2 class=\"wp-block-heading\">Pov\u00eddejte si s d\u011btmi o knih\u00e1ch<\/h2>\n\n\n\n<div class=\"wp-block-columns is-layout-flex wp-container-3\">\n<div class=\"wp-block-column is-layout-flow\">\n<p>Zaj\u00edmalo by n\u00e1s, co r\u00e1di \u010detli va\u0161i (pra)rodi\u010de.<br>Zeptejte se jich a dejte n\u00e1m v\u011bd\u011bt.<\/p>\n\n\n\n<p>Napi\u0161te n\u00e1m na <strong>knihovnafm@seznam.cz<\/strong>,<br>p\u0159ineste na l\u00edste\u010dku nebo m\u016f\u017eete vhodit tak\u00e9 do biblioboxu.<\/p>\n\n\n\n<p>Post\u0159ehy zve\u0159ejn\u00edme zde po skon\u010den\u00ed festivalu a vylosovan\u00e9 \u010dten\u00e1\u0159e odm\u011bn\u00edme.<\/p>\n<\/div>\n\n\n\n<div class=\"wp-block-column is-layout-flow\"><div class=\"wp-block-image\">\n<figure class=\"aligncenter size-large\"><a href=\"http:\/\/festivalcteni.knihovnafm.cz\/festivalcteni\/wp-content\/uploads\/2022\/11\/vyzvaprorodiceadeti_editV-scaled.jpg\" data-rel=\"lightbox-image-0\" data-rl_title=\"\" data-rl_caption=\"\" title=\"\"><img decoding=\"async\" loading=\"lazy\" width=\"724\" height=\"1024\" src=\"http:\/\/festivalcteni.knihovnafm.cz\/festivalcteni\/wp-content\/uploads\/2022\/11\/vyzvaprorodiceadeti_editV-724x1024.jpg\" alt=\"\" class=\"wp-image-608\" srcset=\"http:\/\/festivalcteni.knihovnafm.cz\/festivalcteni\/wp-content\/uploads\/2022\/11\/vyzvaprorodiceadeti_editV-724x1024.jpg 724w, http:\/\/festivalcteni.knihovnafm.cz\/festivalcteni\/wp-content\/uploads\/2022\/11\/vyzvaprorodiceadeti_editV-212x300.jpg 212w, http:\/\/festivalcteni.knihovnafm.cz\/festivalcteni\/wp-content\/uploads\/2022\/11\/vyzvaprorodiceadeti_editV-768x1086.jpg 768w, http:\/\/festivalcteni.knihovnafm.cz\/festivalcteni\/wp-content\/uploads\/2022\/11\/vyzvaprorodiceadeti_editV-1086x1536.jpg 1086w, http:\/\/festivalcteni.knihovnafm.cz\/festivalcteni\/wp-content\/uploads\/2022\/11\/vyzvaprorodiceadeti_editV-1448x2048.jpg 1448w, http:\/\/festivalcteni.knihovnafm.cz\/festivalcteni\/wp-content\/uploads\/2022\/11\/vyzvaprorodiceadeti_editV-scaled.jpg 1810w\" sizes=\"(max-width: 724px) 100vw, 724px\" \/><\/a><\/figure><\/div><\/div>\n<\/div>\n\n\n\n<p class=\"has-text-align-center has-medium-font-size\"><\/p>\n","protected":false},"excerpt":{"rendered":"<p>Pov\u00eddejte si s d\u011btmi o knih\u00e1ch Zaj\u00edmalo by n\u00e1s, co r\u00e1di \u010detli va\u0161i (pra)rodi\u010de.Zeptejte se jich a dejte n\u00e1m v\u011bd\u011bt. Napi\u0161te n\u00e1m na knihovnafm@seznam.cz,p\u0159ineste na l\u00edste\u010dku nebo m\u016f\u017eete vhodit tak\u00e9 do biblioboxu. Post\u0159ehy zve\u0159ejn\u00edme zde po skon\u010den\u00ed festivalu a vylosovan\u00e9 \u010dten\u00e1\u0159e odm\u011bn\u00edme.<\/p>\n","protected":false},"author":1,"featured_media":0,"parent":0,"menu_order":0,"comment_status":"closed","ping_status":"closed","template":"","meta":{"ngg_post_thumbnail":0},"jetpack_sharing_enabled":true,"_links":{"self":[{"href":"http:\/\/festivalcteni.knihovnafm.cz\/festivalcteni\/wp-json\/wp\/v2\/pages\/330"}],"collection":[{"href":"http:\/\/festivalcteni.knihovnafm.cz\/festivalcteni\/wp-json\/wp\/v2\/pages"}],"about":[{"href":"http:\/\/festivalcteni.knihovnafm.cz\/festivalcteni\/wp-json\/wp\/v2\/types\/page"}],"author":[{"embeddable":true,"href":"http:\/\/festivalcteni.knihovnafm.cz\/festivalcteni\/wp-json\/wp\/v2\/users\/1"}],"replies":[{"embeddable":true,"href":"http:\/\/festivalcteni.knihovnafm.cz\/festivalcteni\/wp-json\/wp\/v2\/comments?post=330"}],"version-history":[{"count":16,"href":"http:\/\/festivalcteni.knihovnafm.cz\/festivalcteni\/wp-json\/wp\/v2\/pages\/330\/revisions"}],"predecessor-version":[{"id":612,"href":"http:\/\/festivalcteni.knihovnafm.cz\/festivalcteni\/wp-json\/wp\/v2\/pages\/330\/revisions\/612"}],"wp:attachment":[{"href":"http:\/\/festivalcteni.knihovnafm.cz\/festivalcteni\/wp-json\/wp\/v2\/media?parent=330"}],"curies":[{"name":"wp","href":"https:\/\/api.w.org\/{rel}","templated":true}]}}