{"id":336,"date":"2021-11-05T08:04:14","date_gmt":"2021-11-05T07:04:14","guid":{"rendered":"http:\/\/festivalcteni.knihovnafm.cz\/festivalcteni\/?page_id=336"},"modified":"2022-11-16T06:54:53","modified_gmt":"2022-11-16T05:54:53","slug":"kniha-s-vuni-kavy","status":"publish","type":"page","link":"http:\/\/festivalcteni.knihovnafm.cz\/festivalcteni\/kniha-s-vuni-kavy\/","title":{"rendered":"Kniha s v\u016fn\u00ed k\u00e1vy"},"content":{"rendered":"\n<div class=\"wp-block-columns is-layout-flex wp-container-3\">\n<div class=\"wp-block-column is-layout-flow\" style=\"flex-basis:66.66%\">\n<h4 class=\"wp-block-heading\">&#8230; \u00faryvky z obl\u00edben\u00fdch knih<\/h4>\n\n\n\n<p>Aristokratka od Ev\u017eena Bo\u010dka<br>Den\u00edk far\u00e1\u0159ky od Martiny Viktorie Kopeck\u00e9<\/p>\n\n\n\n<p><strong>\u010ctou va\u0161e obl\u00edben\u00e9 knihovnice<\/strong><br>Alexandra \u010caplov\u00e1, Mark\u00e9ta Michnov\u00e1 <\/p>\n\n\n\n<p><\/p>\n\n\n\n<p><strong>P\u00c1TEK 25. listopadu 2022 v 9.30 hodin<\/strong><br>Hlavn\u00ed t\u0159\u00edda 111, M\u00edstek, odd\u011blen\u00ed beletrie<\/p>\n<\/div>\n\n\n\n<div class=\"wp-block-column is-layout-flow\" style=\"flex-basis:33.33%\"><div class=\"wp-block-image\">\n<figure class=\"aligncenter size-large\"><a href=\"http:\/\/festivalcteni.knihovnafm.cz\/festivalcteni\/wp-content\/uploads\/2022\/11\/kolacekakava_editV-1-scaled.jpg\" data-rel=\"lightbox-image-0\" data-rl_title=\"\" data-rl_caption=\"\" title=\"\"><img decoding=\"async\" loading=\"lazy\" width=\"724\" height=\"1024\" src=\"http:\/\/festivalcteni.knihovnafm.cz\/festivalcteni\/wp-content\/uploads\/2022\/11\/kolacekakava_editV-1-724x1024.jpg\" alt=\"\" class=\"wp-image-642\" srcset=\"http:\/\/festivalcteni.knihovnafm.cz\/festivalcteni\/wp-content\/uploads\/2022\/11\/kolacekakava_editV-1-724x1024.jpg 724w, http:\/\/festivalcteni.knihovnafm.cz\/festivalcteni\/wp-content\/uploads\/2022\/11\/kolacekakava_editV-1-212x300.jpg 212w, http:\/\/festivalcteni.knihovnafm.cz\/festivalcteni\/wp-content\/uploads\/2022\/11\/kolacekakava_editV-1-768x1086.jpg 768w, http:\/\/festivalcteni.knihovnafm.cz\/festivalcteni\/wp-content\/uploads\/2022\/11\/kolacekakava_editV-1-1086x1536.jpg 1086w, http:\/\/festivalcteni.knihovnafm.cz\/festivalcteni\/wp-content\/uploads\/2022\/11\/kolacekakava_editV-1-1448x2048.jpg 1448w, http:\/\/festivalcteni.knihovnafm.cz\/festivalcteni\/wp-content\/uploads\/2022\/11\/kolacekakava_editV-1-scaled.jpg 1810w\" sizes=\"(max-width: 724px) 100vw, 724px\" \/><\/a><\/figure><\/div><\/div>\n<\/div>\n\n\n\n<p><\/p>\n","protected":false},"excerpt":{"rendered":"<p>&#8230; \u00faryvky z obl\u00edben\u00fdch knih Aristokratka od Ev\u017eena Bo\u010dkaDen\u00edk far\u00e1\u0159ky od Martiny Viktorie Kopeck\u00e9 \u010ctou va\u0161e obl\u00edben\u00e9 knihovniceAlexandra \u010caplov\u00e1, Mark\u00e9ta Michnov\u00e1 P\u00c1TEK 25. listopadu 2022 v 9.30 hodinHlavn\u00ed t\u0159\u00edda 111, M\u00edstek, odd\u011blen\u00ed beletrie<\/p>\n","protected":false},"author":1,"featured_media":0,"parent":0,"menu_order":0,"comment_status":"closed","ping_status":"closed","template":"","meta":{"ngg_post_thumbnail":0},"jetpack_sharing_enabled":true,"_links":{"self":[{"href":"http:\/\/festivalcteni.knihovnafm.cz\/festivalcteni\/wp-json\/wp\/v2\/pages\/336"}],"collection":[{"href":"http:\/\/festivalcteni.knihovnafm.cz\/festivalcteni\/wp-json\/wp\/v2\/pages"}],"about":[{"href":"http:\/\/festivalcteni.knihovnafm.cz\/festivalcteni\/wp-json\/wp\/v2\/types\/page"}],"author":[{"embeddable":true,"href":"http:\/\/festivalcteni.knihovnafm.cz\/festivalcteni\/wp-json\/wp\/v2\/users\/1"}],"replies":[{"embeddable":true,"href":"http:\/\/festivalcteni.knihovnafm.cz\/festivalcteni\/wp-json\/wp\/v2\/comments?post=336"}],"version-history":[{"count":20,"href":"http:\/\/festivalcteni.knihovnafm.cz\/festivalcteni\/wp-json\/wp\/v2\/pages\/336\/revisions"}],"predecessor-version":[{"id":643,"href":"http:\/\/festivalcteni.knihovnafm.cz\/festivalcteni\/wp-json\/wp\/v2\/pages\/336\/revisions\/643"}],"wp:attachment":[{"href":"http:\/\/festivalcteni.knihovnafm.cz\/festivalcteni\/wp-json\/wp\/v2\/media?parent=336"}],"curies":[{"name":"wp","href":"https:\/\/api.w.org\/{rel}","templated":true}]}}