{"id":543,"date":"2022-11-14T09:22:07","date_gmt":"2022-11-14T08:22:07","guid":{"rendered":"http:\/\/festivalcteni.knihovnafm.cz\/festivalcteni\/?page_id=543"},"modified":"2022-11-15T09:59:15","modified_gmt":"2022-11-15T08:59:15","slug":"ctenarska-bojovka","status":"publish","type":"page","link":"http:\/\/festivalcteni.knihovnafm.cz\/festivalcteni\/ctenarska-bojovka\/","title":{"rendered":"\u010cten\u00e1\u0159sk\u00e1 bojovka"},"content":{"rendered":"\n<h2 class=\"wp-block-heading\">v knihovn\u011b pro d\u011btsk\u00e9 \u010dten\u00e1\u0159e<\/h2>\n\n\n\n<div class=\"wp-block-columns is-layout-flex wp-container-3\">\n<div class=\"wp-block-column is-layout-flow\">\n<p>V ka\u017ed\u00e9m odd\u011blen\u00ed spl\u0148te \u00fakol a z\u00edskan\u00e9 indicie v\u00e1s dovedou k rozlu\u0161t\u011bn\u00ed h\u00e1danky.<\/p>\n\n\n\n<p>Start a c\u00edl v d\u011btsk\u00e9m odd\u011blen\u00ed.<\/p>\n\n\n\n<p><br><strong>Celot\u00fddenn\u00ed <\/strong>odpoledn\u00ed pr\u016fb\u011b\u017en\u00e1 <strong>akce <\/strong>(krom\u011b st\u0159edy a v\u00edkendu).<\/p>\n\n\n\n<p>Hlavn\u00ed t\u0159\u00edda 111, M\u00edstek<\/p>\n<\/div>\n\n\n\n<div class=\"wp-block-column is-layout-flow\"><div class=\"wp-block-image\">\n<figure class=\"aligncenter size-large\"><a href=\"http:\/\/festivalcteni.knihovnafm.cz\/festivalcteni\/wp-content\/uploads\/2022\/11\/ctenarskabojovka_editV-scaled.jpg\" data-rel=\"lightbox-image-0\" data-rl_title=\"\" data-rl_caption=\"\" title=\"\"><img decoding=\"async\" loading=\"lazy\" width=\"724\" height=\"1024\" src=\"http:\/\/festivalcteni.knihovnafm.cz\/festivalcteni\/wp-content\/uploads\/2022\/11\/ctenarskabojovka_editV-724x1024.jpg\" alt=\"\" class=\"wp-image-605\" srcset=\"http:\/\/festivalcteni.knihovnafm.cz\/festivalcteni\/wp-content\/uploads\/2022\/11\/ctenarskabojovka_editV-724x1024.jpg 724w, http:\/\/festivalcteni.knihovnafm.cz\/festivalcteni\/wp-content\/uploads\/2022\/11\/ctenarskabojovka_editV-212x300.jpg 212w, http:\/\/festivalcteni.knihovnafm.cz\/festivalcteni\/wp-content\/uploads\/2022\/11\/ctenarskabojovka_editV-768x1086.jpg 768w, http:\/\/festivalcteni.knihovnafm.cz\/festivalcteni\/wp-content\/uploads\/2022\/11\/ctenarskabojovka_editV-1086x1536.jpg 1086w, http:\/\/festivalcteni.knihovnafm.cz\/festivalcteni\/wp-content\/uploads\/2022\/11\/ctenarskabojovka_editV-1448x2048.jpg 1448w, http:\/\/festivalcteni.knihovnafm.cz\/festivalcteni\/wp-content\/uploads\/2022\/11\/ctenarskabojovka_editV-scaled.jpg 1810w\" sizes=\"(max-width: 724px) 100vw, 724px\" \/><\/a><\/figure><\/div><\/div>\n<\/div>\n","protected":false},"excerpt":{"rendered":"<p>v knihovn\u011b pro d\u011btsk\u00e9 \u010dten\u00e1\u0159e V ka\u017ed\u00e9m odd\u011blen\u00ed spl\u0148te \u00fakol a z\u00edskan\u00e9 indicie v\u00e1s dovedou k rozlu\u0161t\u011bn\u00ed h\u00e1danky. Start a c\u00edl v d\u011btsk\u00e9m odd\u011blen\u00ed. Celot\u00fddenn\u00ed odpoledn\u00ed pr\u016fb\u011b\u017en\u00e1 akce (krom\u011b st\u0159edy a v\u00edkendu). Hlavn\u00ed t\u0159\u00edda 111, M\u00edstek<\/p>\n","protected":false},"author":1,"featured_media":0,"parent":0,"menu_order":0,"comment_status":"closed","ping_status":"closed","template":"","meta":{"ngg_post_thumbnail":0},"jetpack_sharing_enabled":true,"_links":{"self":[{"href":"http:\/\/festivalcteni.knihovnafm.cz\/festivalcteni\/wp-json\/wp\/v2\/pages\/543"}],"collection":[{"href":"http:\/\/festivalcteni.knihovnafm.cz\/festivalcteni\/wp-json\/wp\/v2\/pages"}],"about":[{"href":"http:\/\/festivalcteni.knihovnafm.cz\/festivalcteni\/wp-json\/wp\/v2\/types\/page"}],"author":[{"embeddable":true,"href":"http:\/\/festivalcteni.knihovnafm.cz\/festivalcteni\/wp-json\/wp\/v2\/users\/1"}],"replies":[{"embeddable":true,"href":"http:\/\/festivalcteni.knihovnafm.cz\/festivalcteni\/wp-json\/wp\/v2\/comments?post=543"}],"version-history":[{"count":3,"href":"http:\/\/festivalcteni.knihovnafm.cz\/festivalcteni\/wp-json\/wp\/v2\/pages\/543\/revisions"}],"predecessor-version":[{"id":636,"href":"http:\/\/festivalcteni.knihovnafm.cz\/festivalcteni\/wp-json\/wp\/v2\/pages\/543\/revisions\/636"}],"wp:attachment":[{"href":"http:\/\/festivalcteni.knihovnafm.cz\/festivalcteni\/wp-json\/wp\/v2\/media?parent=543"}],"curies":[{"name":"wp","href":"https:\/\/api.w.org\/{rel}","templated":true}]}}