{"id":546,"date":"2022-11-14T09:26:39","date_gmt":"2022-11-14T08:26:39","guid":{"rendered":"http:\/\/festivalcteni.knihovnafm.cz\/festivalcteni\/?page_id=546"},"modified":"2022-11-14T09:28:31","modified_gmt":"2022-11-14T08:28:31","slug":"kvizovy-vecer","status":"publish","type":"page","link":"http:\/\/festivalcteni.knihovnafm.cz\/festivalcteni\/kvizovy-vecer\/","title":{"rendered":"Kv\u00edzov\u00fd ve\u010der"},"content":{"rendered":"\n<div class=\"wp-block-columns is-layout-flex wp-container-3\">\n<div class=\"wp-block-column is-layout-flow\" style=\"flex-basis:66.66%\">\n<h4 class=\"wp-block-heading\">V\u011bdomostn\u00ed sout\u011b\u017e pro skupiny<\/h4>\n\n\n\n<p>P\u0159ij\u010fte se pobavit a otestovat sv\u00e9 v\u0161eobecn\u00e9 znalosti.<\/p>\n\n\n\n<p>Moderuje skv\u011bl\u00e1 a jedine\u010dn\u00e1 <strong>Pavla Ru\u010dkov\u00e1<\/strong> \ud83d\ude42<\/p>\n\n\n\n<p><strong>P\u00c1TEK 25. listopadu 2022 v 18.00 hodin<\/strong><br>Hlavn\u00ed t\u0159\u00edda 112, M\u00edstek, Mo(u)dr\u00fd salonek<\/p>\n\n\n\n<p><\/p>\n<\/div>\n\n\n\n<div class=\"wp-block-column is-layout-flow\" style=\"flex-basis:33.33%\"><div class=\"wp-block-image\">\n<figure class=\"aligncenter size-large\"><a href=\"http:\/\/festivalcteni.knihovnafm.cz\/festivalcteni\/wp-content\/uploads\/2022\/11\/kvizovyvecer-scaled.jpg\" data-rel=\"lightbox-image-0\" data-rl_title=\"\" data-rl_caption=\"\" title=\"\"><img decoding=\"async\" loading=\"lazy\" width=\"725\" height=\"1024\" src=\"http:\/\/festivalcteni.knihovnafm.cz\/festivalcteni\/wp-content\/uploads\/2022\/11\/kvizovyvecer-725x1024.jpg\" alt=\"\" class=\"wp-image-547\" srcset=\"http:\/\/festivalcteni.knihovnafm.cz\/festivalcteni\/wp-content\/uploads\/2022\/11\/kvizovyvecer-725x1024.jpg 725w, http:\/\/festivalcteni.knihovnafm.cz\/festivalcteni\/wp-content\/uploads\/2022\/11\/kvizovyvecer-212x300.jpg 212w, http:\/\/festivalcteni.knihovnafm.cz\/festivalcteni\/wp-content\/uploads\/2022\/11\/kvizovyvecer-768x1085.jpg 768w, http:\/\/festivalcteni.knihovnafm.cz\/festivalcteni\/wp-content\/uploads\/2022\/11\/kvizovyvecer-1087x1536.jpg 1087w, http:\/\/festivalcteni.knihovnafm.cz\/festivalcteni\/wp-content\/uploads\/2022\/11\/kvizovyvecer-1449x2048.jpg 1449w, http:\/\/festivalcteni.knihovnafm.cz\/festivalcteni\/wp-content\/uploads\/2022\/11\/kvizovyvecer-scaled.jpg 1811w\" sizes=\"(max-width: 725px) 100vw, 725px\" \/><\/a><\/figure><\/div><\/div>\n<\/div>\n\n\n\n<p>Po\u010det m\u00edst omezen. T\u00fdmy maxim\u00e1ln\u011b 5 osob.<br>Rezervace na tel.: 558 113 498 nebo na ud\u00e1losti vytvo\u0159en\u00e9 na Facebooku.<\/p>\n","protected":false},"excerpt":{"rendered":"<p>V\u011bdomostn\u00ed sout\u011b\u017e pro skupiny P\u0159ij\u010fte se pobavit a otestovat sv\u00e9 v\u0161eobecn\u00e9 znalosti. Moderuje skv\u011bl\u00e1 a jedine\u010dn\u00e1 Pavla Ru\u010dkov\u00e1 \ud83d\ude42 P\u00c1TEK 25. listopadu 2022 v 18.00 hodinHlavn\u00ed t\u0159\u00edda 112, M\u00edstek, Mo(u)dr\u00fd salonek Po\u010det m\u00edst omezen. T\u00fdmy maxim\u00e1ln\u011b 5 osob.Rezervace na tel.: 558 113 498 nebo na ud\u00e1losti vytvo\u0159en\u00e9 na Facebooku.<\/p>\n","protected":false},"author":1,"featured_media":0,"parent":0,"menu_order":0,"comment_status":"closed","ping_status":"closed","template":"","meta":{"ngg_post_thumbnail":0},"jetpack_sharing_enabled":true,"_links":{"self":[{"href":"http:\/\/festivalcteni.knihovnafm.cz\/festivalcteni\/wp-json\/wp\/v2\/pages\/546"}],"collection":[{"href":"http:\/\/festivalcteni.knihovnafm.cz\/festivalcteni\/wp-json\/wp\/v2\/pages"}],"about":[{"href":"http:\/\/festivalcteni.knihovnafm.cz\/festivalcteni\/wp-json\/wp\/v2\/types\/page"}],"author":[{"embeddable":true,"href":"http:\/\/festivalcteni.knihovnafm.cz\/festivalcteni\/wp-json\/wp\/v2\/users\/1"}],"replies":[{"embeddable":true,"href":"http:\/\/festivalcteni.knihovnafm.cz\/festivalcteni\/wp-json\/wp\/v2\/comments?post=546"}],"version-history":[{"count":4,"href":"http:\/\/festivalcteni.knihovnafm.cz\/festivalcteni\/wp-json\/wp\/v2\/pages\/546\/revisions"}],"predecessor-version":[{"id":551,"href":"http:\/\/festivalcteni.knihovnafm.cz\/festivalcteni\/wp-json\/wp\/v2\/pages\/546\/revisions\/551"}],"wp:attachment":[{"href":"http:\/\/festivalcteni.knihovnafm.cz\/festivalcteni\/wp-json\/wp\/v2\/media?parent=546"}],"curies":[{"name":"wp","href":"https:\/\/api.w.org\/{rel}","templated":true}]}}