{"id":557,"date":"2022-11-14T09:45:38","date_gmt":"2022-11-14T08:45:38","guid":{"rendered":"http:\/\/festivalcteni.knihovnafm.cz\/festivalcteni\/?page_id=557"},"modified":"2022-11-18T12:59:56","modified_gmt":"2022-11-18T11:59:56","slug":"vyzva-pro-dospele","status":"publish","type":"page","link":"http:\/\/festivalcteni.knihovnafm.cz\/festivalcteni\/vyzva-pro-dospele\/","title":{"rendered":"V\u00fdzva pro dosp\u011bl\u00e9"},"content":{"rendered":"\n<h2 class=\"has-text-align-left wp-block-heading\">On-line kv\u00edzy<strong><mark style=\"background-color:rgba(0, 0, 0, 0);color:#a92c88\" class=\"has-inline-color\"><\/mark><\/strong><\/h2>\n\n\n<div class=\"wp-block-image is-style-rounded\">\n<figure class=\"alignright size-thumbnail\"><a href=\"http:\/\/festivalcteni.knihovnafm.cz\/festivalcteni\/wp-content\/uploads\/2022\/11\/vyzvaprodospele-scaled.jpg\" data-rel=\"lightbox-image-0\" data-rl_title=\"\" data-rl_caption=\"\" title=\"\"><img decoding=\"async\" loading=\"lazy\" width=\"150\" height=\"150\" src=\"http:\/\/festivalcteni.knihovnafm.cz\/festivalcteni\/wp-content\/uploads\/2022\/11\/vyzvaprodospele-150x150.jpg\" alt=\"\" class=\"wp-image-558\"\/><\/a><figcaption class=\"wp-element-caption\">Plak\u00e1t k nahl\u00e9dnut\u00ed<\/figcaption><\/figure><\/div>\n\n\n<p><a href=\"https:\/\/souteze.knihovnafm.cz\/souteze\/\" data-type=\"URL\" data-id=\"https:\/\/souteze.knihovnafm.cz\/souteze\/\" target=\"_blank\" rel=\"noreferrer noopener\">souteze.knihovnafm.cz<\/a><\/p>\n\n\n\n<p>Ka\u017ed\u00fd den se objev\u00ed jeden nov\u00fd kv\u00edz s ot\u00e1zkami z oblast\u00ed:<\/p>\n\n\n\n<ul>\n<li>100 let historie knihovny<\/li>\n\n\n\n<li>literatury<\/li>\n\n\n\n<li>hudby<\/li>\n\n\n\n<li>regionu<\/li>\n\n\n\n<li>medi\u00e1ln\u00ed gramotnosti<\/li>\n<\/ul>\n\n\n\n<p>Ze spr\u00e1vn\u00fdch odpov\u011bd\u00ed (alespo\u0148 4 spr\u00e1vn\u00e9 odpov\u011bdi z 5 ot\u00e1zek u ka\u017ed\u00e9ho kv\u00edzu) vylosujeme jednoho v\u00fdherce pouk\u00e1zky na knihu. Dal\u0161\u00edch p\u011bt v\u00fdherc\u016f dostane pouk\u00e1zku\u00a0 na k\u00e1vu v knihovn\u011b.<\/p>\n","protected":false},"excerpt":{"rendered":"<p>On-line kv\u00edzy souteze.knihovnafm.cz Ka\u017ed\u00fd den se objev\u00ed jeden nov\u00fd kv\u00edz s ot\u00e1zkami z oblast\u00ed: Ze spr\u00e1vn\u00fdch odpov\u011bd\u00ed (alespo\u0148 4 spr\u00e1vn\u00e9 odpov\u011bdi z 5 ot\u00e1zek u ka\u017ed\u00e9ho kv\u00edzu) vylosujeme jednoho v\u00fdherce pouk\u00e1zky na knihu. Dal\u0161\u00edch p\u011bt v\u00fdherc\u016f dostane pouk\u00e1zku\u00a0 na k\u00e1vu v knihovn\u011b.<\/p>\n","protected":false},"author":1,"featured_media":0,"parent":0,"menu_order":0,"comment_status":"closed","ping_status":"closed","template":"","meta":{"ngg_post_thumbnail":0},"jetpack_sharing_enabled":true,"_links":{"self":[{"href":"http:\/\/festivalcteni.knihovnafm.cz\/festivalcteni\/wp-json\/wp\/v2\/pages\/557"}],"collection":[{"href":"http:\/\/festivalcteni.knihovnafm.cz\/festivalcteni\/wp-json\/wp\/v2\/pages"}],"about":[{"href":"http:\/\/festivalcteni.knihovnafm.cz\/festivalcteni\/wp-json\/wp\/v2\/types\/page"}],"author":[{"embeddable":true,"href":"http:\/\/festivalcteni.knihovnafm.cz\/festivalcteni\/wp-json\/wp\/v2\/users\/1"}],"replies":[{"embeddable":true,"href":"http:\/\/festivalcteni.knihovnafm.cz\/festivalcteni\/wp-json\/wp\/v2\/comments?post=557"}],"version-history":[{"count":4,"href":"http:\/\/festivalcteni.knihovnafm.cz\/festivalcteni\/wp-json\/wp\/v2\/pages\/557\/revisions"}],"predecessor-version":[{"id":649,"href":"http:\/\/festivalcteni.knihovnafm.cz\/festivalcteni\/wp-json\/wp\/v2\/pages\/557\/revisions\/649"}],"wp:attachment":[{"href":"http:\/\/festivalcteni.knihovnafm.cz\/festivalcteni\/wp-json\/wp\/v2\/media?parent=557"}],"curies":[{"name":"wp","href":"https:\/\/api.w.org\/{rel}","templated":true}]}}