{"id":16,"date":"2018-10-31T14:28:00","date_gmt":"2018-10-31T13:28:00","guid":{"rendered":"http:\/\/festivalcteni.knihovnafm.cz\/festivalcteni\/?page_id=16"},"modified":"2024-10-15T13:27:37","modified_gmt":"2024-10-15T11:27:37","slug":"o-festivalu","status":"publish","type":"page","link":"https:\/\/festivalcteni.knihovnafm.cz\/festivalcteni\/","title":{"rendered":"O FESTIVALU"},"content":{"rendered":"<p><strong>KAMPA\u0147 NA PODPORU \u010cTEN\u00c1\u0158STV\u00cd<\/strong><\/p>\n<p><span style=\"color: #ff0000;\"><strong>Festival ukon\u010den.<\/strong> T\u011b\u0161\u00ed n\u00e1s, \u017ee jste jeho sou\u010d\u00e1st\u00ed. Ve <a href=\"http:\/\/festivalcteni.knihovnafm.cz\/festivalcteni\/fotogalerie\/\">fotogalerii <\/a>se m\u016f\u017eete pod\u00edvat, jak se v\u00e1m (nejen) letos da\u0159ilo. <br><\/span><\/p>\n<p style=\"text-align: left;\"><a href=\"https:\/\/www.knihovnafm.cz\/\" target=\"_blank\" rel=\"noopener noreferrer\">Knihovna FM<\/a><\/p>\n<p style=\"text-align: left;\">vyhla\u0161uje v t\u00fddnu od 6. do 12. listopadu 2023 ji\u017e 7. ro\u010dn\u00edk Festivalu \u010dten\u00ed.<\/p>\n<p>Nala\u010fte se na vlnu podzimu, vyb\u00edzej\u00edc\u00edho ke zpomalen\u00ed, zklidn\u011bn\u00ed a odpo\u010dinku. Zapojte se do na\u0161eho Festivalu \u010dten\u00ed a svou chvilku pro sebe oslavte s knihou i zapojen\u00edm do z\u00e1bavn\u00fdch v\u00fdzev, kter\u00e9 jsme pro v\u00e1s p\u0159ipravili. \u010cek\u00e1 na v\u00e1s \u010dten\u00ed s obl\u00edben\u00fdmi knihovnicemi, po\u0159ady pro velk\u00e9 i mal\u00e9 \u010dten\u00e1\u0159e, cestovatelsk\u00e1 p\u0159edn\u00e1\u0161ka a tak\u00e9 zakon\u010den\u00ed stolet\u00fdch oslav Knihovny FM.<\/p>\n<p>Je jen na v\u00e1s, jak se do Festivalu \u010dten\u00ed zapoj\u00edte.<\/p>\n\n\n<div class=\"wp-block-columns are-vertically-aligned-center is-layout-flex wp-container-3\">\n<div class=\"wp-block-column is-vertically-aligned-center is-layout-flow\">\n<figure class=\"wp-block-image size-large\"><a href=\"http:\/\/festivalcteni.knihovnafm.cz\/festivalcteni\/wp-content\/uploads\/2023\/11\/FC-2023-cteni-s-vuni-kavy-scaled.jpg\" data-rel=\"lightbox-image-0\" data-rl_title=\"\" data-rl_caption=\"\" title=\"\"><img decoding=\"async\" loading=\"lazy\" width=\"724\" height=\"1024\" src=\"http:\/\/festivalcteni.knihovnafm.cz\/festivalcteni\/wp-content\/uploads\/2023\/11\/FC-2023-cteni-s-vuni-kavy-724x1024.jpg\" alt=\"\" class=\"wp-image-684\" srcset=\"https:\/\/festivalcteni.knihovnafm.cz\/festivalcteni\/wp-content\/uploads\/2023\/11\/FC-2023-cteni-s-vuni-kavy-724x1024.jpg 724w, https:\/\/festivalcteni.knihovnafm.cz\/festivalcteni\/wp-content\/uploads\/2023\/11\/FC-2023-cteni-s-vuni-kavy-212x300.jpg 212w, https:\/\/festivalcteni.knihovnafm.cz\/festivalcteni\/wp-content\/uploads\/2023\/11\/FC-2023-cteni-s-vuni-kavy-768x1086.jpg 768w, https:\/\/festivalcteni.knihovnafm.cz\/festivalcteni\/wp-content\/uploads\/2023\/11\/FC-2023-cteni-s-vuni-kavy-1086x1536.jpg 1086w, https:\/\/festivalcteni.knihovnafm.cz\/festivalcteni\/wp-content\/uploads\/2023\/11\/FC-2023-cteni-s-vuni-kavy-1448x2048.jpg 1448w, https:\/\/festivalcteni.knihovnafm.cz\/festivalcteni\/wp-content\/uploads\/2023\/11\/FC-2023-cteni-s-vuni-kavy-scaled.jpg 1810w\" sizes=\"(max-width: 724px) 100vw, 724px\" \/><\/a><\/figure>\n<\/div>\n\n\n\n<div class=\"wp-block-column is-vertically-aligned-center is-layout-flow\">\n<figure class=\"wp-block-image size-large\"><a href=\"http:\/\/festivalcteni.knihovnafm.cz\/festivalcteni\/wp-content\/uploads\/2023\/11\/FC-2023-beseda-scaled.jpg\" data-rel=\"lightbox-image-1\" data-rl_title=\"\" data-rl_caption=\"\" title=\"\"><img decoding=\"async\" loading=\"lazy\" width=\"724\" height=\"1024\" src=\"http:\/\/festivalcteni.knihovnafm.cz\/festivalcteni\/wp-content\/uploads\/2023\/11\/FC-2023-beseda-724x1024.jpg\" alt=\"\" class=\"wp-image-685\" srcset=\"https:\/\/festivalcteni.knihovnafm.cz\/festivalcteni\/wp-content\/uploads\/2023\/11\/FC-2023-beseda-724x1024.jpg 724w, https:\/\/festivalcteni.knihovnafm.cz\/festivalcteni\/wp-content\/uploads\/2023\/11\/FC-2023-beseda-212x300.jpg 212w, https:\/\/festivalcteni.knihovnafm.cz\/festivalcteni\/wp-content\/uploads\/2023\/11\/FC-2023-beseda-768x1086.jpg 768w, https:\/\/festivalcteni.knihovnafm.cz\/festivalcteni\/wp-content\/uploads\/2023\/11\/FC-2023-beseda-1086x1536.jpg 1086w, https:\/\/festivalcteni.knihovnafm.cz\/festivalcteni\/wp-content\/uploads\/2023\/11\/FC-2023-beseda-1448x2048.jpg 1448w, https:\/\/festivalcteni.knihovnafm.cz\/festivalcteni\/wp-content\/uploads\/2023\/11\/FC-2023-beseda-scaled.jpg 1810w\" sizes=\"(max-width: 724px) 100vw, 724px\" \/><\/a><\/figure>\n<\/div>\n<\/div>\n\n\n\n<div class=\"wp-block-columns are-vertically-aligned-center is-layout-flex wp-container-6\">\n<div class=\"wp-block-column is-vertically-aligned-center is-layout-flow\">\n<figure class=\"wp-block-image size-large\"><a href=\"http:\/\/festivalcteni.knihovnafm.cz\/festivalcteni\/wp-content\/uploads\/2023\/11\/FC-2023-vyzva-starsi-scaled.jpg\" data-rel=\"lightbox-image-2\" data-rl_title=\"\" data-rl_caption=\"\" title=\"\"><img decoding=\"async\" loading=\"lazy\" width=\"724\" height=\"1024\" src=\"http:\/\/festivalcteni.knihovnafm.cz\/festivalcteni\/wp-content\/uploads\/2023\/11\/FC-2023-vyzva-starsi-724x1024.jpg\" alt=\"\" class=\"wp-image-706\" srcset=\"https:\/\/festivalcteni.knihovnafm.cz\/festivalcteni\/wp-content\/uploads\/2023\/11\/FC-2023-vyzva-starsi-724x1024.jpg 724w, https:\/\/festivalcteni.knihovnafm.cz\/festivalcteni\/wp-content\/uploads\/2023\/11\/FC-2023-vyzva-starsi-212x300.jpg 212w, https:\/\/festivalcteni.knihovnafm.cz\/festivalcteni\/wp-content\/uploads\/2023\/11\/FC-2023-vyzva-starsi-768x1086.jpg 768w, https:\/\/festivalcteni.knihovnafm.cz\/festivalcteni\/wp-content\/uploads\/2023\/11\/FC-2023-vyzva-starsi-1086x1536.jpg 1086w, https:\/\/festivalcteni.knihovnafm.cz\/festivalcteni\/wp-content\/uploads\/2023\/11\/FC-2023-vyzva-starsi-1448x2048.jpg 1448w, https:\/\/festivalcteni.knihovnafm.cz\/festivalcteni\/wp-content\/uploads\/2023\/11\/FC-2023-vyzva-starsi-scaled.jpg 1810w\" sizes=\"(max-width: 724px) 100vw, 724px\" \/><\/a><\/figure>\n<\/div>\n\n\n\n<div class=\"wp-block-column is-vertically-aligned-center is-layout-flow\">\n<figure class=\"wp-block-image size-large\"><a href=\"http:\/\/festivalcteni.knihovnafm.cz\/festivalcteni\/wp-content\/uploads\/2023\/11\/FC-2023-vyzva-mladsi-scaled.jpg\" data-rel=\"lightbox-image-3\" data-rl_title=\"\" data-rl_caption=\"\" title=\"\"><img decoding=\"async\" loading=\"lazy\" width=\"724\" height=\"1024\" src=\"http:\/\/festivalcteni.knihovnafm.cz\/festivalcteni\/wp-content\/uploads\/2023\/11\/FC-2023-vyzva-mladsi-724x1024.jpg\" alt=\"\" class=\"wp-image-707\" srcset=\"https:\/\/festivalcteni.knihovnafm.cz\/festivalcteni\/wp-content\/uploads\/2023\/11\/FC-2023-vyzva-mladsi-724x1024.jpg 724w, https:\/\/festivalcteni.knihovnafm.cz\/festivalcteni\/wp-content\/uploads\/2023\/11\/FC-2023-vyzva-mladsi-212x300.jpg 212w, https:\/\/festivalcteni.knihovnafm.cz\/festivalcteni\/wp-content\/uploads\/2023\/11\/FC-2023-vyzva-mladsi-768x1086.jpg 768w, https:\/\/festivalcteni.knihovnafm.cz\/festivalcteni\/wp-content\/uploads\/2023\/11\/FC-2023-vyzva-mladsi-1086x1536.jpg 1086w, https:\/\/festivalcteni.knihovnafm.cz\/festivalcteni\/wp-content\/uploads\/2023\/11\/FC-2023-vyzva-mladsi-1448x2048.jpg 1448w, https:\/\/festivalcteni.knihovnafm.cz\/festivalcteni\/wp-content\/uploads\/2023\/11\/FC-2023-vyzva-mladsi-scaled.jpg 1810w\" sizes=\"(max-width: 724px) 100vw, 724px\" \/><\/a><\/figure>\n<\/div>\n<\/div>\n\n\n\n<p><\/p>\n\n\n\n<p><strong>SOU\u010c\u00c1ST\u00cd LETO\u0160N\u00cdHO PROGRAMU<\/strong><\/p>\n\n\n\n<div class=\"wp-block-columns are-vertically-aligned-center is-layout-flex wp-container-9\">\n<div class=\"wp-block-column is-vertically-aligned-center is-layout-flow\">\n<figure class=\"wp-block-image size-large\"><a href=\"http:\/\/festivalcteni.knihovnafm.cz\/festivalcteni\/wp-content\/uploads\/2023\/11\/madagaskar_poster-scaled.jpg\" data-rel=\"lightbox-image-4\" data-rl_title=\"\" data-rl_caption=\"\" title=\"\"><img decoding=\"async\" loading=\"lazy\" width=\"724\" height=\"1024\" src=\"http:\/\/festivalcteni.knihovnafm.cz\/festivalcteni\/wp-content\/uploads\/2023\/11\/madagaskar_poster-724x1024.jpg\" alt=\"\" class=\"wp-image-688\" srcset=\"https:\/\/festivalcteni.knihovnafm.cz\/festivalcteni\/wp-content\/uploads\/2023\/11\/madagaskar_poster-724x1024.jpg 724w, https:\/\/festivalcteni.knihovnafm.cz\/festivalcteni\/wp-content\/uploads\/2023\/11\/madagaskar_poster-212x300.jpg 212w, https:\/\/festivalcteni.knihovnafm.cz\/festivalcteni\/wp-content\/uploads\/2023\/11\/madagaskar_poster-768x1086.jpg 768w, https:\/\/festivalcteni.knihovnafm.cz\/festivalcteni\/wp-content\/uploads\/2023\/11\/madagaskar_poster-1086x1536.jpg 1086w, https:\/\/festivalcteni.knihovnafm.cz\/festivalcteni\/wp-content\/uploads\/2023\/11\/madagaskar_poster-1448x2048.jpg 1448w, https:\/\/festivalcteni.knihovnafm.cz\/festivalcteni\/wp-content\/uploads\/2023\/11\/madagaskar_poster-scaled.jpg 1810w\" sizes=\"(max-width: 724px) 100vw, 724px\" \/><\/a><\/figure>\n<\/div>\n\n\n\n<div class=\"wp-block-column is-vertically-aligned-center is-layout-flow\">\n<figure class=\"wp-block-image size-large\"><a href=\"http:\/\/festivalcteni.knihovnafm.cz\/festivalcteni\/wp-content\/uploads\/2023\/11\/dejiny-sveta_plakat-scaled.jpg\" data-rel=\"lightbox-image-5\" data-rl_title=\"\" data-rl_caption=\"\" title=\"\"><img decoding=\"async\" loading=\"lazy\" width=\"724\" height=\"1024\" src=\"http:\/\/festivalcteni.knihovnafm.cz\/festivalcteni\/wp-content\/uploads\/2023\/11\/dejiny-sveta_plakat-724x1024.jpg\" alt=\"\" class=\"wp-image-689\" srcset=\"https:\/\/festivalcteni.knihovnafm.cz\/festivalcteni\/wp-content\/uploads\/2023\/11\/dejiny-sveta_plakat-724x1024.jpg 724w, https:\/\/festivalcteni.knihovnafm.cz\/festivalcteni\/wp-content\/uploads\/2023\/11\/dejiny-sveta_plakat-212x300.jpg 212w, https:\/\/festivalcteni.knihovnafm.cz\/festivalcteni\/wp-content\/uploads\/2023\/11\/dejiny-sveta_plakat-768x1086.jpg 768w, https:\/\/festivalcteni.knihovnafm.cz\/festivalcteni\/wp-content\/uploads\/2023\/11\/dejiny-sveta_plakat-1086x1536.jpg 1086w, https:\/\/festivalcteni.knihovnafm.cz\/festivalcteni\/wp-content\/uploads\/2023\/11\/dejiny-sveta_plakat-1448x2048.jpg 1448w, https:\/\/festivalcteni.knihovnafm.cz\/festivalcteni\/wp-content\/uploads\/2023\/11\/dejiny-sveta_plakat-scaled.jpg 1810w\" sizes=\"(max-width: 724px) 100vw, 724px\" \/><\/a><\/figure>\n<\/div>\n<\/div>\n\n\n\n<div class=\"wp-block-columns are-vertically-aligned-center is-layout-flex wp-container-11\">\n<div class=\"wp-block-column is-vertically-aligned-center is-layout-flow\">\n<figure class=\"wp-block-image size-large\"><a href=\"http:\/\/festivalcteni.knihovnafm.cz\/festivalcteni\/wp-content\/uploads\/2023\/11\/mistek_100-scaled.jpg\" data-rel=\"lightbox-image-6\" data-rl_title=\"\" data-rl_caption=\"\" title=\"\"><img decoding=\"async\" loading=\"lazy\" width=\"1024\" height=\"724\" src=\"http:\/\/festivalcteni.knihovnafm.cz\/festivalcteni\/wp-content\/uploads\/2023\/11\/mistek_100-1024x724.jpg\" alt=\"\" class=\"wp-image-690\" srcset=\"https:\/\/festivalcteni.knihovnafm.cz\/festivalcteni\/wp-content\/uploads\/2023\/11\/mistek_100-1024x724.jpg 1024w, https:\/\/festivalcteni.knihovnafm.cz\/festivalcteni\/wp-content\/uploads\/2023\/11\/mistek_100-300x212.jpg 300w, https:\/\/festivalcteni.knihovnafm.cz\/festivalcteni\/wp-content\/uploads\/2023\/11\/mistek_100-768x543.jpg 768w, https:\/\/festivalcteni.knihovnafm.cz\/festivalcteni\/wp-content\/uploads\/2023\/11\/mistek_100-1536x1086.jpg 1536w, https:\/\/festivalcteni.knihovnafm.cz\/festivalcteni\/wp-content\/uploads\/2023\/11\/mistek_100-2048x1448.jpg 2048w\" sizes=\"(max-width: 1024px) 100vw, 1024px\" \/><\/a><\/figure>\n<\/div>\n<\/div>\n\n\n\n<div class=\"wp-block-columns are-vertically-aligned-center is-layout-flex wp-container-14\">\n<div class=\"wp-block-column is-vertically-aligned-center is-layout-flow\">\n<figure class=\"wp-block-image size-large\"><a href=\"http:\/\/festivalcteni.knihovnafm.cz\/festivalcteni\/wp-content\/uploads\/2023\/11\/mezoamerika_plakat-scaled.jpg\" data-rel=\"lightbox-image-7\" data-rl_title=\"\" data-rl_caption=\"\" title=\"\"><img decoding=\"async\" loading=\"lazy\" width=\"724\" height=\"1024\" src=\"http:\/\/festivalcteni.knihovnafm.cz\/festivalcteni\/wp-content\/uploads\/2023\/11\/mezoamerika_plakat-724x1024.jpg\" alt=\"\" class=\"wp-image-691\" srcset=\"https:\/\/festivalcteni.knihovnafm.cz\/festivalcteni\/wp-content\/uploads\/2023\/11\/mezoamerika_plakat-724x1024.jpg 724w, https:\/\/festivalcteni.knihovnafm.cz\/festivalcteni\/wp-content\/uploads\/2023\/11\/mezoamerika_plakat-212x300.jpg 212w, https:\/\/festivalcteni.knihovnafm.cz\/festivalcteni\/wp-content\/uploads\/2023\/11\/mezoamerika_plakat-768x1086.jpg 768w, https:\/\/festivalcteni.knihovnafm.cz\/festivalcteni\/wp-content\/uploads\/2023\/11\/mezoamerika_plakat-1086x1536.jpg 1086w, https:\/\/festivalcteni.knihovnafm.cz\/festivalcteni\/wp-content\/uploads\/2023\/11\/mezoamerika_plakat-1448x2048.jpg 1448w, https:\/\/festivalcteni.knihovnafm.cz\/festivalcteni\/wp-content\/uploads\/2023\/11\/mezoamerika_plakat-scaled.jpg 1810w\" sizes=\"(max-width: 724px) 100vw, 724px\" \/><\/a><\/figure>\n<\/div>\n\n\n\n<div class=\"wp-block-column is-vertically-aligned-center is-layout-flow\">\n<figure class=\"wp-block-image size-large\"><a href=\"http:\/\/festivalcteni.knihovnafm.cz\/festivalcteni\/wp-content\/uploads\/2023\/11\/den-poezie-2023_plakat-scaled.jpg\" data-rel=\"lightbox-image-8\" data-rl_title=\"\" data-rl_caption=\"\" title=\"\"><img decoding=\"async\" loading=\"lazy\" width=\"724\" height=\"1024\" src=\"http:\/\/festivalcteni.knihovnafm.cz\/festivalcteni\/wp-content\/uploads\/2023\/11\/den-poezie-2023_plakat-724x1024.jpg\" alt=\"\" class=\"wp-image-692\" srcset=\"https:\/\/festivalcteni.knihovnafm.cz\/festivalcteni\/wp-content\/uploads\/2023\/11\/den-poezie-2023_plakat-724x1024.jpg 724w, https:\/\/festivalcteni.knihovnafm.cz\/festivalcteni\/wp-content\/uploads\/2023\/11\/den-poezie-2023_plakat-212x300.jpg 212w, https:\/\/festivalcteni.knihovnafm.cz\/festivalcteni\/wp-content\/uploads\/2023\/11\/den-poezie-2023_plakat-768x1086.jpg 768w, https:\/\/festivalcteni.knihovnafm.cz\/festivalcteni\/wp-content\/uploads\/2023\/11\/den-poezie-2023_plakat-1086x1536.jpg 1086w, https:\/\/festivalcteni.knihovnafm.cz\/festivalcteni\/wp-content\/uploads\/2023\/11\/den-poezie-2023_plakat-1448x2048.jpg 1448w, https:\/\/festivalcteni.knihovnafm.cz\/festivalcteni\/wp-content\/uploads\/2023\/11\/den-poezie-2023_plakat-scaled.jpg 1810w\" sizes=\"(max-width: 724px) 100vw, 724px\" \/><\/a><\/figure>\n<\/div>\n<\/div>\n\n\n\n<p><\/p>\n\n\n\n<div class=\"wp-block-buttons is-layout-flex\">\n<div class=\"wp-block-button has-custom-width wp-block-button__width-100 is-style-outline\"><a class=\"wp-block-button__link has-white-color has-text-color has-background wp-element-button\" href=\"http:\/\/festivalcteni.knihovnafm.cz\/festivalcteni\/program-festivalu\/\" style=\"background-color:#00264a\">PROGRAM FESTIVALU \u010cTEN\u00cd<\/a><\/div>\n<\/div>\n\n\n\n<p><\/p>\n","protected":false},"excerpt":{"rendered":"<p>KAMPA\u0147 NA PODPORU \u010cTEN\u00c1\u0158STV\u00cd Festival ukon\u010den. T\u011b\u0161\u00ed n\u00e1s, \u017ee jste jeho sou\u010d\u00e1st\u00ed. Ve fotogalerii se m\u016f\u017eete pod\u00edvat, jak se v\u00e1m (nejen) letos da\u0159ilo. Knihovna FM vyhla\u0161uje v t\u00fddnu od 6. do 12. listopadu 2023 ji\u017e 7. ro\u010dn\u00edk Festivalu \u010dten\u00ed. Nala\u010fte se na vlnu podzimu, vyb\u00edzej\u00edc\u00edho ke zpomalen\u00ed, zklidn\u011bn\u00ed a odpo\u010dinku. Zapojte se do na\u0161eho Festivalu &hellip; <a href=\"https:\/\/festivalcteni.knihovnafm.cz\/festivalcteni\/\" class=\"more-link\">Pokra\u010dov\u00e1n\u00ed textu <span class=\"screen-reader-text\">O FESTIVALU<\/span><\/a><\/p>\n","protected":false},"author":1,"featured_media":0,"parent":0,"menu_order":0,"comment_status":"closed","ping_status":"closed","template":"","meta":{"ngg_post_thumbnail":0},"jetpack_sharing_enabled":true,"_links":{"self":[{"href":"https:\/\/festivalcteni.knihovnafm.cz\/festivalcteni\/wp-json\/wp\/v2\/pages\/16"}],"collection":[{"href":"https:\/\/festivalcteni.knihovnafm.cz\/festivalcteni\/wp-json\/wp\/v2\/pages"}],"about":[{"href":"https:\/\/festivalcteni.knihovnafm.cz\/festivalcteni\/wp-json\/wp\/v2\/types\/page"}],"author":[{"embeddable":true,"href":"https:\/\/festivalcteni.knihovnafm.cz\/festivalcteni\/wp-json\/wp\/v2\/users\/1"}],"replies":[{"embeddable":true,"href":"https:\/\/festivalcteni.knihovnafm.cz\/festivalcteni\/wp-json\/wp\/v2\/comments?post=16"}],"version-history":[{"count":73,"href":"https:\/\/festivalcteni.knihovnafm.cz\/festivalcteni\/wp-json\/wp\/v2\/pages\/16\/revisions"}],"predecessor-version":[{"id":729,"href":"https:\/\/festivalcteni.knihovnafm.cz\/festivalcteni\/wp-json\/wp\/v2\/pages\/16\/revisions\/729"}],"wp:attachment":[{"href":"https:\/\/festivalcteni.knihovnafm.cz\/festivalcteni\/wp-json\/wp\/v2\/media?parent=16"}],"curies":[{"name":"wp","href":"https:\/\/api.w.org\/{rel}","templated":true}]}}