{"id":18,"date":"2018-10-31T14:28:09","date_gmt":"2018-10-31T13:28:09","guid":{"rendered":"http:\/\/festivalcteni.knihovnafm.cz\/festivalcteni\/?page_id=18"},"modified":"2023-11-06T06:45:32","modified_gmt":"2023-11-06T05:45:32","slug":"program-festivalu","status":"publish","type":"page","link":"https:\/\/festivalcteni.knihovnafm.cz\/festivalcteni\/program-festivalu\/","title":{"rendered":"PROGRAM FESTIVALU"},"content":{"rendered":"<p style=\"text-align: left;\"><strong>V\u0160ECHNY AKCE NA PODPORU \u010cTEN\u00cd DOPL\u0147UJEME PROGRAMEM V KNIHOVN\u011a <\/strong><strong>A LETOS NAV\u00cdC OSLAVOU V\u00ddRO\u010c\u00cd 100 LET KNIHOVNY V M\u00cdSTKU.<\/strong><\/p>\n<h4><span style=\"color: #acc435;\"><strong><span style=\"color: #42b7bf;\">\u00dast\u0159edn\u00ed knihovna FR\u00ddDEK, Jir\u00e1skova 506<\/span><br \/>\n<\/strong><\/span><\/h4>\n<p style=\"text-align: left;\">\u00dater\u00fd 7. listopadu 2023 v 18.00 hodin<br \/>\nHudebn\u011b-liter\u00e1rn\u00ed po\u0159ad<strong> \u010caj o \u0161est\u00e9 &#8211; D\u011bjiny sv\u011bta v 50 psech<\/strong><br \/>\n<strong>\u201e\u2026 p\u00e1r \u0161t\u011bk\u016f nav\u00edc\u2026\u201c<\/strong><br \/>\nUk\u00e1zky z knihy M. Lee a na n\u011b navazuj\u00edc\u00ed p\u00edsni\u010dky r\u016fzn\u00fdch \u017e\u00e1nr\u016f.<br \/>\nVe\u010derem prov\u00e1z\u00ed <strong>Ale\u0161 Nitra<\/strong>.<\/p>\n<p>\u010ctvrtek 9. listopadu 2023 v 18.00 hodin<br \/>\n<strong>Den poezie \u2013 B\u00e1sn\u011b v obrazech<\/strong><br \/>\nSe svou autorskou tvorbou vystoup\u00ed <strong>\u010dlenov\u00e9 Liter\u00e1rn\u00edho klubu Petra Bezru\u010de Fr\u00fddek-M\u00edstek<\/strong>.<br \/>\nHudebn\u00ed doprovod: <strong>Jarda Dobe\u0161<\/strong><\/p>\n<hr>\n<h4><span style=\"color: #42b7bf;\"><strong>pobo\u010dka M\u00cdSTEK, Hlavn\u00ed t\u0159\u00edda 111-112&nbsp;<\/strong><\/span><\/h4>\n<p>\u00dater\u00fd 7. listopadu 2023 od 18.00 hodin, Modr\u00fd salonek<br \/>\n<strong>MADAGASKAR &#8211; cestovatelsk\u00e1 p\u0159edn\u00e1\u0161ka Kate\u0159iny Ka\u0161\u00e1kov\u00e9<\/strong><br \/>\nNechte se un\u00e9st na v\u00fdlet do d\u00e1ln\u00fdch kon\u010din tohoto nespoutan\u00e9ho, divok\u00e9ho charakteru zem\u011b. Putujte v m\u00fdch stop\u00e1ch na sever, z\u00e1pad, jihoz\u00e1pad \u010di v\u00fdchod ostrova a bu\u010fte tak okouzleni chudobnou kr\u00e1sou, kterou ve v\u00e1s zanech\u00e1 nesmazateln\u00e1 stopa Madagaskaru.<br \/>\n<strong>Mo\u017en\u00e1 rezervace m\u00edst na tel:<\/strong> 558 113 496 (studovna M\u00edstek).<\/p>\n<p>St\u0159eda 8. listopadu 2023 v 18.00 hodin<br \/>\n<strong>OSLAVA K V\u00ddRO\u010c\u00cd 100 LET KNIHOVNY V M\u00cdSTKU<br \/>\n<\/strong><strong>16:30<\/strong> repr\u00edza vzpom\u00ednkov\u00e9ho po\u0159adu Historie knihovny m\u011bsta Fr\u00fddku-M\u00edstku s hudebn\u00edm doprovodem AV Blues &amp; Swing<br \/>\n<strong>18:00<\/strong> slavnostn\u00ed <strong>k\u0159est knihy ALMANACH 100 let knihovny ve Fr\u00fddku-M\u00edstku<\/strong> s hudebn\u00edm doprovodem ZU\u0160 F-M<\/p>\n<p>\u010ctvrtek 9. listopadu 2023 v 17.00 hodin, Modr\u00fd salonek<br \/>\n<strong>Mezoamerika<\/strong>, p\u0159edn\u00e1\u0161ka o um\u011bn\u00ed z cyklu Um\u011bn\u00ed nap\u0159\u00ed\u010d kontinenty<strong><br \/>\n<\/strong>P\u0159edn\u00e1\u0161ka n\u00e1m p\u0159inese pohled na zn\u00e1m\u00e9 i m\u00e9n\u011b zn\u00e1m\u00e9 civilizace, kter\u00e9 za\u017eily vzestupy a p\u00e1dy, sv\u011bt kultur, napln\u011bn\u00fd pro Evropany nepochopiteln\u00fdmi krut\u00fdmi ritu\u00e1ly a uct\u00edv\u00e1n\u00edm boh\u016f.&nbsp;<br \/>\nP\u0159edn\u00e1\u0161\u00ed <strong>PhDr. V\u011bra Strako\u0161ov\u00e1<\/strong>, ve spolupr\u00e1ci s PSPVU F-M za podpory Statut\u00e1rn\u00edho m\u011bsta Fr\u00fddek-M\u00edstek.<\/p>\n<p>P\u00e1tek 10. listopadu 2023 v 9.30 hodin, odd\u011blen\u00ed beletrie<br \/>\n<strong>Kniha s v\u016fn\u00ed k\u00e1vy&#8230; \u010dten\u00ed z obl\u00edben\u00e9 knihy<br \/>\n<\/strong>P\u0159ij\u010fte si poslechnout \u00faryvek v pod\u00e1n\u00ed na\u0161ich knihovnic a str\u00e1vit p\u0159\u00edjemn\u00e9 dopoledne!<\/p>\n<p>P\u00e1tek 10. listopadu 2023 v 17.00 hodin, u\u010debna<br \/>\n<strong>Z chaloupky za \u0161\u00edpkov\u00fdm ke\u0159em &#8211; beseda pro d\u011bti a rodi\u010de s autorkou knihy <\/strong><strong>Evou Hu\u0148kovou<br \/>\n<\/strong>\u201eZrzav\u00e9 vl\u00e1sky, pihovat\u00e1 tv\u00e1\u0159, odkudpak tu holku asi zn\u00e1\u0161? Z bylinkov\u00e9 zahr\u00e1dky, kde pro\u017e\u00edv\u00e1 poh\u00e1dky&#8220;. <strong>Kniha poh\u00e1dek a recept\u016f <\/strong>v\u00e1s spolu s Roz\u00e1rkou p\u0159enese do sv\u011bta sk\u0159\u00edtk\u016f, v\u00edl a p\u0159\u00edrodn\u00edch bytost\u00ed.&nbsp;<br \/>\nBeseda bude spojena tak\u00e9 s malou ochutn\u00e1vkou dobrot pan\u00ed Hu\u0148kov\u00e9 p\u0159\u00edmo ze zahr\u00e1dky za \u0161\u00edpkov\u00fdm ke\u0159em.<br \/>\n<strong>Rezervace m\u00edst mo\u017en\u00e1<\/strong> na tel: 558 113 493 nebo na info@mkmistek.cz.<\/p>\n<hr>\n<h4 style=\"text-align: left;\"><span style=\"color: #42b7bf;\"><strong>Celoknihovn\u00ed v\u00fdzvy<\/strong><\/span><\/h4>\n<p><strong>V\u00ddZVA pro d\u011bti a ml\u00e1de\u017e od 12 do 18 let<\/strong><br \/>\n&#8222;JAK SI P\u0158EDSTAVUJE\u0160 KNIHOVNU ZA 100 LET?&#8220;<br \/>\nNapi\u0161 kr\u00e1tkou \u00favahu v rozsahu dvaceti v\u011bt. M\u016f\u017ee\u0161 (ale nemus\u00ed\u0161) vyu\u017e\u00edt um\u011blou inteligenci (AI). \u00davaha mus\u00ed obsahovat t\u011bchto p\u011bt kl\u00ed\u010dov\u00fdch slov: <strong>knihovna, kniha, budoucnost, slovo, nad\u011bje<\/strong>. P\u0159idej je\u0161t\u011b p\u011bt vlastn\u00edch kl\u00ed\u010dov\u00fdch slov a v textu je zv\u00fdrazni.<br \/>\nTexty zas\u00edlejte na <a href=\"mailto:knihovnafm@seznam.cz\">knihovnafm@seznam.cz<\/a> nebo p\u0159ineste osobn\u011b do 13. listopadu 2023. Nejzaj\u00edmav\u011bj\u0161\u00ed \u00favahy budou odm\u011bn\u011bny.<\/p>\n<p><strong>V\u00ddZVA pro d\u011bti do 12 let<\/strong><br \/>\n&#8222;CO P\u0158EJE\u0160 KNIHOVN\u011a K NAROZENIN\u00c1M?&#8220;<br \/>\nVytvo\u0159 (napi\u0161, namaluj, \u2026) knihovn\u011b p\u0159\u00e1n\u00ed k&nbsp;100. narozenin\u00e1m. M\u016f\u017ee\u0161 pou\u017e\u00edt libovolnou techniku, form\u00e1t i materi\u00e1l.<br \/>\nP\u0159\u00e1n\u00ed p\u0159ines k&nbsp;n\u00e1m do knihovny do 13. listopadu 2023. Nejzaj\u00edmav\u011bj\u0161\u00ed budou vystavena a odm\u011bn\u011bna.<\/p>\n<p class=\"cvgsua\"><b>A jako bonus, a\u017e n\u00e1s nav\u0161t\u00edv\u00edte<br \/>\n<\/b><b>V\u00ddZVA pro v\u0161echny<\/b><br \/>\n&#8222;<span class=\"oypena\"><span style=\"color: black; text-transform: uppercase;\">co byste pop\u0159\u00e1li knihovn\u011b<\/span><\/span><span style=\"color: black; text-transform: uppercase;\"> <span class=\"oypena\">do budoucna&#8230;<\/span><\/span> &#8220;<br \/>\n<span style=\"color: black;\">&#8230; napi\u0161te na l\u00edste\u010dek a vho\u010fte do krabi\u010dky.<br \/>\nSpole\u010dn\u011b pak vytvo\u0159\u00edme STROM P\u0158\u00c1N\u00cd, kter\u00fd ozdob\u00ed na\u0161i knihovnu.<\/span><\/p>\n","protected":false},"excerpt":{"rendered":"<p>V\u0160ECHNY AKCE NA PODPORU \u010cTEN\u00cd DOPL\u0147UJEME PROGRAMEM V KNIHOVN\u011a A LETOS NAV\u00cdC OSLAVOU V\u00ddRO\u010c\u00cd 100 LET KNIHOVNY V M\u00cdSTKU. \u00dast\u0159edn\u00ed knihovna FR\u00ddDEK, Jir\u00e1skova 506 \u00dater\u00fd 7. listopadu 2023 v 18.00 hodin Hudebn\u011b-liter\u00e1rn\u00ed po\u0159ad \u010caj o \u0161est\u00e9 &#8211; D\u011bjiny sv\u011bta v 50 psech \u201e\u2026 p\u00e1r \u0161t\u011bk\u016f nav\u00edc\u2026\u201c Uk\u00e1zky z knihy M. Lee a na n\u011b navazuj\u00edc\u00ed &hellip; <a href=\"https:\/\/festivalcteni.knihovnafm.cz\/festivalcteni\/program-festivalu\/\" class=\"more-link\">Pokra\u010dov\u00e1n\u00ed textu <span class=\"screen-reader-text\">PROGRAM FESTIVALU<\/span><\/a><\/p>\n","protected":false},"author":1,"featured_media":0,"parent":0,"menu_order":0,"comment_status":"closed","ping_status":"closed","template":"","meta":{"ngg_post_thumbnail":0},"jetpack_sharing_enabled":true,"_links":{"self":[{"href":"https:\/\/festivalcteni.knihovnafm.cz\/festivalcteni\/wp-json\/wp\/v2\/pages\/18"}],"collection":[{"href":"https:\/\/festivalcteni.knihovnafm.cz\/festivalcteni\/wp-json\/wp\/v2\/pages"}],"about":[{"href":"https:\/\/festivalcteni.knihovnafm.cz\/festivalcteni\/wp-json\/wp\/v2\/types\/page"}],"author":[{"embeddable":true,"href":"https:\/\/festivalcteni.knihovnafm.cz\/festivalcteni\/wp-json\/wp\/v2\/users\/1"}],"replies":[{"embeddable":true,"href":"https:\/\/festivalcteni.knihovnafm.cz\/festivalcteni\/wp-json\/wp\/v2\/comments?post=18"}],"version-history":[{"count":77,"href":"https:\/\/festivalcteni.knihovnafm.cz\/festivalcteni\/wp-json\/wp\/v2\/pages\/18\/revisions"}],"predecessor-version":[{"id":711,"href":"https:\/\/festivalcteni.knihovnafm.cz\/festivalcteni\/wp-json\/wp\/v2\/pages\/18\/revisions\/711"}],"wp:attachment":[{"href":"https:\/\/festivalcteni.knihovnafm.cz\/festivalcteni\/wp-json\/wp\/v2\/media?parent=18"}],"curies":[{"name":"wp","href":"https:\/\/api.w.org\/{rel}","templated":true}]}}