{"id":24,"date":"2018-10-31T14:28:36","date_gmt":"2018-10-31T13:28:36","guid":{"rendered":"http:\/\/festivalcteni.knihovnafm.cz\/festivalcteni\/?page_id=24"},"modified":"2022-11-14T10:27:53","modified_gmt":"2022-11-14T09:27:53","slug":"kontakt","status":"publish","type":"page","link":"https:\/\/festivalcteni.knihovnafm.cz\/festivalcteni\/kontakt\/","title":{"rendered":"KONTAKT"},"content":{"rendered":"<p><b>Mgr. Irena Liberdov\u00e1<\/b><br>z\u00e1stupkyn\u011b \u0159editele<br><a class=\"aemx liberdova@mkmistek.cz\" href=\"mailto:liberdova@mkmistek.cz\">liberdova@mkmistek.cz<\/a><br>+420 558 113 497<\/p>\n<p><strong>Ing. V\u011bra Halam\u00ed\u010dkov\u00e1 Kamen\u00edkov\u00e1, Ph.D.<\/strong><br>PR, marketing<br><a href=\"mailto:halamickovavera@mkmistek.cz\">halamickovavera@mkmistek.cz<\/a><br>+420 704 340 842<\/p>\n<p><strong>Zuzana Saladygov\u00e1<\/strong><br><a class=\"aemx saladygova@mkmistek.cz\" href=\"mailto:saladygova@mkmistek.cz\">saladygova@mkmistek.cz<\/a><br>+420 558 113 417<\/p>\n<p>Pro zasl\u00e1n\u00ed va\u0161ich fotografi\u00ed, vide\u00ed, odpov\u011bd\u00ed a dal\u0161\u00edch materi\u00e1l\u016f a podn\u011bt\u016f k Festivalu \u010dten\u00ed n\u00e1m, pros\u00edm, zas\u00edlejte na:<\/p>\n<p><strong>E-mail<\/strong>: knihovnafm@seznam.cz<\/p>\n<p><strong>Pro zasl\u00e1n\u00ed e-mailu m\u016f\u017eete tak\u00e9 vyu\u017e\u00edt formul\u00e1\u0159 n\u00ed\u017ee.<br>Pro zasl\u00e1n\u00ed v\u011bt\u0161\u00edho objemu dat vyu\u017eijte, pros\u00edm, <a href=\"https:\/\/www.uschovna.cz\/\">\u00daschovnu<\/a>.<br><\/strong><\/p>\n<p>Jsme tak\u00e9 na soci\u00e1ln\u00edch s\u00edt\u00edch:<\/p>\n\n\n<ul class=\"wp-block-social-links is-layout-flex\"><li class=\"wp-social-link wp-social-link-facebook wp-block-social-link\"><a href=\"https:\/\/www.facebook.com\/knihovnafm\" class=\"wp-block-social-link-anchor\"><svg width=\"24\" height=\"24\" viewBox=\"0 0 24 24\" version=\"1.1\" xmlns=\"http:\/\/www.w3.org\/2000\/svg\" aria-hidden=\"true\" focusable=\"false\"><path d=\"M12 2C6.5 2 2 6.5 2 12c0 5 3.7 9.1 8.4 9.9v-7H7.9V12h2.5V9.8c0-2.5 1.5-3.9 3.8-3.9 1.1 0 2.2.2 2.2.2v2.5h-1.3c-1.2 0-1.6.8-1.6 1.6V12h2.8l-.4 2.9h-2.3v7C18.3 21.1 22 17 22 12c0-5.5-4.5-10-10-10z\"><\/path><\/svg><span class=\"wp-block-social-link-label screen-reader-text\">Facebook<\/span><\/a><\/li>\n\n<li class=\"wp-social-link wp-social-link-instagram wp-block-social-link\"><a href=\"https:\/\/www.instagram.com\/knihovnafm\/\" class=\"wp-block-social-link-anchor\"><svg width=\"24\" height=\"24\" viewBox=\"0 0 24 24\" version=\"1.1\" xmlns=\"http:\/\/www.w3.org\/2000\/svg\" aria-hidden=\"true\" focusable=\"false\"><path d=\"M12,4.622c2.403,0,2.688,0.009,3.637,0.052c0.877,0.04,1.354,0.187,1.671,0.31c0.42,0.163,0.72,0.358,1.035,0.673 c0.315,0.315,0.51,0.615,0.673,1.035c0.123,0.317,0.27,0.794,0.31,1.671c0.043,0.949,0.052,1.234,0.052,3.637 s-0.009,2.688-0.052,3.637c-0.04,0.877-0.187,1.354-0.31,1.671c-0.163,0.42-0.358,0.72-0.673,1.035 c-0.315,0.315-0.615,0.51-1.035,0.673c-0.317,0.123-0.794,0.27-1.671,0.31c-0.949,0.043-1.233,0.052-3.637,0.052 s-2.688-0.009-3.637-0.052c-0.877-0.04-1.354-0.187-1.671-0.31c-0.42-0.163-0.72-0.358-1.035-0.673 c-0.315-0.315-0.51-0.615-0.673-1.035c-0.123-0.317-0.27-0.794-0.31-1.671C4.631,14.688,4.622,14.403,4.622,12 s0.009-2.688,0.052-3.637c0.04-0.877,0.187-1.354,0.31-1.671c0.163-0.42,0.358-0.72,0.673-1.035 c0.315-0.315,0.615-0.51,1.035-0.673c0.317-0.123,0.794-0.27,1.671-0.31C9.312,4.631,9.597,4.622,12,4.622 M12,3 C9.556,3,9.249,3.01,8.289,3.054C7.331,3.098,6.677,3.25,6.105,3.472C5.513,3.702,5.011,4.01,4.511,4.511 c-0.5,0.5-0.808,1.002-1.038,1.594C3.25,6.677,3.098,7.331,3.054,8.289C3.01,9.249,3,9.556,3,12c0,2.444,0.01,2.751,0.054,3.711 c0.044,0.958,0.196,1.612,0.418,2.185c0.23,0.592,0.538,1.094,1.038,1.594c0.5,0.5,1.002,0.808,1.594,1.038 c0.572,0.222,1.227,0.375,2.185,0.418C9.249,20.99,9.556,21,12,21s2.751-0.01,3.711-0.054c0.958-0.044,1.612-0.196,2.185-0.418 c0.592-0.23,1.094-0.538,1.594-1.038c0.5-0.5,0.808-1.002,1.038-1.594c0.222-0.572,0.375-1.227,0.418-2.185 C20.99,14.751,21,14.444,21,12s-0.01-2.751-0.054-3.711c-0.044-0.958-0.196-1.612-0.418-2.185c-0.23-0.592-0.538-1.094-1.038-1.594 c-0.5-0.5-1.002-0.808-1.594-1.038c-0.572-0.222-1.227-0.375-2.185-0.418C14.751,3.01,14.444,3,12,3L12,3z M12,7.378 c-2.552,0-4.622,2.069-4.622,4.622S9.448,16.622,12,16.622s4.622-2.069,4.622-4.622S14.552,7.378,12,7.378z M12,15 c-1.657,0-3-1.343-3-3s1.343-3,3-3s3,1.343,3,3S13.657,15,12,15z M16.804,6.116c-0.596,0-1.08,0.484-1.08,1.08 s0.484,1.08,1.08,1.08c0.596,0,1.08-0.484,1.08-1.08S17.401,6.116,16.804,6.116z\"><\/path><\/svg><span class=\"wp-block-social-link-label screen-reader-text\">Instagram<\/span><\/a><\/li><\/ul>\n\n\n\n<div class=\"wp-block-contact-form-7-contact-form-selector\">\n<div class=\"wpcf7 no-js\" id=\"wpcf7-f91-o1\" lang=\"cs-CZ\" dir=\"ltr\">\n<div class=\"screen-reader-response\"><p role=\"status\" aria-live=\"polite\" aria-atomic=\"true\"><\/p> <ul><\/ul><\/div>\n<form action=\"\/festivalcteni\/wp-json\/wp\/v2\/pages\/24#wpcf7-f91-o1\" method=\"post\" class=\"wpcf7-form init\" aria-label=\"Kontaktn\u00ed formul\u00e1\u0159\" novalidate=\"novalidate\" data-status=\"init\">\n<div style=\"display: none;\">\n<input type=\"hidden\" name=\"_wpcf7\" value=\"91\" \/>\n<input type=\"hidden\" name=\"_wpcf7_version\" value=\"5.7.7\" \/>\n<input type=\"hidden\" name=\"_wpcf7_locale\" value=\"cs_CZ\" \/>\n<input type=\"hidden\" name=\"_wpcf7_unit_tag\" value=\"wpcf7-f91-o1\" \/>\n<input type=\"hidden\" name=\"_wpcf7_container_post\" value=\"0\" \/>\n<input type=\"hidden\" name=\"_wpcf7_posted_data_hash\" value=\"\" \/>\n<\/div>\n<p><label> Va\u0161e jm\u00e9no (vy\u017eadov\u00e1no)<br \/>\n<span class=\"wpcf7-form-control-wrap\" data-name=\"your-name\"><input size=\"40\" class=\"wpcf7-form-control wpcf7-text wpcf7-validates-as-required\" aria-required=\"true\" aria-invalid=\"false\" value=\"\" type=\"text\" name=\"your-name\" \/><\/span> <\/label>\n<\/p>\n<p><label> V\u00e1\u0161 e-mail (vy\u017eadov\u00e1no)<br \/>\n<span class=\"wpcf7-form-control-wrap\" data-name=\"your-email\"><input size=\"40\" class=\"wpcf7-form-control wpcf7-text wpcf7-email wpcf7-validates-as-required wpcf7-validates-as-email\" aria-required=\"true\" aria-invalid=\"false\" value=\"\" type=\"email\" name=\"your-email\" \/><\/span> <\/label>\n<\/p>\n<p><label> P\u0159edm\u011bt<br \/>\n<span class=\"wpcf7-form-control-wrap\" data-name=\"your-subject\"><input size=\"40\" class=\"wpcf7-form-control wpcf7-text\" aria-invalid=\"false\" value=\"\" type=\"text\" name=\"your-subject\" \/><\/span> <\/label>\n<\/p>\n<p><label> Va\u0161e zpr\u00e1va<br \/>\n<span class=\"wpcf7-form-control-wrap\" data-name=\"your-message\"><textarea cols=\"40\" rows=\"10\" class=\"wpcf7-form-control wpcf7-textarea\" aria-invalid=\"false\" name=\"your-message\"><\/textarea><\/span> <\/label>\n<\/p>\n<p><input class=\"wpcf7-form-control has-spinner wpcf7-submit\" type=\"submit\" value=\"Odeslat\" \/>\n<\/p><p style=\"display: none !important;\" class=\"akismet-fields-container\" data-prefix=\"_wpcf7_ak_\"><label>&#916;<textarea name=\"_wpcf7_ak_hp_textarea\" cols=\"45\" rows=\"8\" maxlength=\"100\"><\/textarea><\/label><input type=\"hidden\" id=\"ak_js_1\" name=\"_wpcf7_ak_js\" value=\"83\"\/><script>document.getElementById( \"ak_js_1\" ).setAttribute( \"value\", ( new Date() ).getTime() );<\/script><\/p><div class=\"wpcf7-response-output\" aria-hidden=\"true\"><\/div>\n<\/form>\n<\/div>\n<\/div>\n","protected":false},"excerpt":{"rendered":"<p>Mgr. Irena Liberdov\u00e1z\u00e1stupkyn\u011b \u0159editeleliberdova@mkmistek.cz+420 558 113 497 Ing. V\u011bra Halam\u00ed\u010dkov\u00e1 Kamen\u00edkov\u00e1, Ph.D.PR, marketinghalamickovavera@mkmistek.cz+420 704 340 842 Zuzana Saladygov\u00e1saladygova@mkmistek.cz+420 558 113 417 Pro zasl\u00e1n\u00ed va\u0161ich fotografi\u00ed, vide\u00ed, odpov\u011bd\u00ed a dal\u0161\u00edch materi\u00e1l\u016f a podn\u011bt\u016f k Festivalu \u010dten\u00ed n\u00e1m, pros\u00edm, zas\u00edlejte na: E-mail: knihovnafm@seznam.cz Pro zasl\u00e1n\u00ed e-mailu m\u016f\u017eete tak\u00e9 vyu\u017e\u00edt formul\u00e1\u0159 n\u00ed\u017ee.Pro zasl\u00e1n\u00ed v\u011bt\u0161\u00edho objemu dat vyu\u017eijte, pros\u00edm, &hellip; <a href=\"https:\/\/festivalcteni.knihovnafm.cz\/festivalcteni\/kontakt\/\" class=\"more-link\">Pokra\u010dov\u00e1n\u00ed textu <span class=\"screen-reader-text\">KONTAKT<\/span><\/a><\/p>\n","protected":false},"author":1,"featured_media":0,"parent":0,"menu_order":0,"comment_status":"closed","ping_status":"closed","template":"","meta":{"ngg_post_thumbnail":0},"jetpack_sharing_enabled":true,"_links":{"self":[{"href":"https:\/\/festivalcteni.knihovnafm.cz\/festivalcteni\/wp-json\/wp\/v2\/pages\/24"}],"collection":[{"href":"https:\/\/festivalcteni.knihovnafm.cz\/festivalcteni\/wp-json\/wp\/v2\/pages"}],"about":[{"href":"https:\/\/festivalcteni.knihovnafm.cz\/festivalcteni\/wp-json\/wp\/v2\/types\/page"}],"author":[{"embeddable":true,"href":"https:\/\/festivalcteni.knihovnafm.cz\/festivalcteni\/wp-json\/wp\/v2\/users\/1"}],"replies":[{"embeddable":true,"href":"https:\/\/festivalcteni.knihovnafm.cz\/festivalcteni\/wp-json\/wp\/v2\/comments?post=24"}],"version-history":[{"count":15,"href":"https:\/\/festivalcteni.knihovnafm.cz\/festivalcteni\/wp-json\/wp\/v2\/pages\/24\/revisions"}],"predecessor-version":[{"id":583,"href":"https:\/\/festivalcteni.knihovnafm.cz\/festivalcteni\/wp-json\/wp\/v2\/pages\/24\/revisions\/583"}],"wp:attachment":[{"href":"https:\/\/festivalcteni.knihovnafm.cz\/festivalcteni\/wp-json\/wp\/v2\/media?parent=24"}],"curies":[{"name":"wp","href":"https:\/\/api.w.org\/{rel}","templated":true}]}}